{"id":478,"date":"2023-03-26T18:48:54","date_gmt":"2023-03-26T16:48:54","guid":{"rendered":"http:\/\/pharmacieaudebault.com\/?page_id=478"},"modified":"2025-12-28T18:15:43","modified_gmt":"2025-12-28T17:15:43","slug":"notre-equipe","status":"publish","type":"page","link":"https:\/\/pharmacieaudebault.com\/index.php\/notre-equipe\/","title":{"rendered":"Notre \u00e9quipe"},"content":{"rendered":"<div data-colibri-id=\"478-c1\" class=\"style-703 style-local-478-c1 position-relative\">\n  <!---->\n  <div data-colibri-component=\"section\" data-colibri-id=\"478-c2\" id=\"about\" class=\"h-section h-section-global-spacing d-flex align-items-lg-center align-items-md-center align-items-center style-709 style-local-478-c2 position-relative\">\n    <!---->\n    <!---->\n    <div class=\"h-section-grid-container h-section-boxed-container\">\n      <!---->\n      <div data-colibri-id=\"478-c3\" class=\"h-row-container gutters-row-lg-0 gutters-row-md-0 gutters-row-0 gutters-row-v-lg-0 gutters-row-v-md-0 gutters-row-v-0 style-710 style-local-478-c3 position-relative\">\n        <!---->\n        <div class=\"h-row justify-content-lg-center justify-content-md-center justify-content-center align-items-lg-stretch align-items-md-stretch align-items-stretch gutters-col-lg-0 gutters-col-md-0 gutters-col-0 gutters-col-v-lg-0 gutters-col-v-md-0 gutters-col-v-0\">\n          <!---->\n          <div class=\"h-column h-column-container d-flex h-col-lg-auto h-col-md-auto h-col-auto style-711-outer style-local-478-c4-outer\">\n            <div data-colibri-id=\"478-c4\" class=\"d-flex h-flex-basis h-column__inner h-ui-empty-state-container h-px-lg-0 h-px-md-0 h-px-0 v-inner-lg-0 v-inner-md-0 v-inner-0 style-711 style-local-478-c4 position-relative\">\n              <!---->\n              <!---->\n              <div class=\"w-100 h-y-container h-column__content h-column__v-align flex-basis-100\">\n                <!---->\n              <\/div>\n            <\/div>\n          <\/div>\n          <div class=\"h-column h-column-container d-flex h-col-lg-auto h-col-md-auto h-col-auto style-712-outer style-local-478-c5-outer\">\n            <div data-colibri-id=\"478-c5\" class=\"d-flex h-flex-basis h-column__inner h-px-lg-2 h-px-md-2 h-px-2 v-inner-lg-2 v-inner-md-2 v-inner-2 style-712 style-local-478-c5 position-relative\">\n              <!---->\n              <!---->\n              <div class=\"w-100 h-y-container h-column__content h-column__v-align flex-basis-100 align-self-lg-start align-self-md-start align-self-start\">\n                <!---->\n                <div data-colibri-id=\"478-c6\" data-aos=\"fadeInLeft\" class=\"h-text h-text-component style-715 style-local-478-c6 position-relative h-element\">\n                  <!---->\n                  <!---->\n                  <div class=\"\">\n                    <p><strong style=\"color: rgb(16, 16, 16);\">Mme A. Lucie<\/strong><\/p>\n                    <p><span style=\"font-weight: 400; font-family: &quot;Open Sans&quot;;\">Docteur en pharmacie <\/span><\/p>\n                    <p><span style=\"font-weight: 400; font-family: &quot;Open Sans&quot;;\">DU Orth\u00e8ses et petit appareillage<\/span><\/p>\n                    <p>\n                      <br>\n                    <\/p>\n                    <p><strong>Mme D. Maud<\/strong><\/p>\n                    <p><span style=\"color: rgb(16, 16, 16);\">Docteur en pharmacie <\/span><\/p>\n                    <p><span style=\"color: rgb(16, 16, 16);\">DU Conseil en nutrition et micronutrition \u00e0 l&rsquo;officine<\/span><\/p>\n                    <p>\n                      <br>\n                    <\/p>\n                    <p><strong style=\"color: rgb(16, 16, 16);\">Mme F. Sophie<\/strong><\/p>\n                    <p><span style=\"color: rgb(16, 16, 16);\">Pr\u00e9paratrice en pharmacie<\/span><\/p>\n                    <p>\n                      <br>\n                    <\/p>\n                    <p><span style=\"color: rgb(16, 16, 16);\"> <\/span><\/p>\n                    <p><strong style=\"font-weight: 700;\">Mme B. Chlo\u00e9<\/strong><\/p>\n                    <p>Pr\u00e9paratrice en pharmacie<\/p>\n                    <p>\n                      <br>\n                    <\/p>\n                  <\/div>\n                <\/div>\n              <\/div>\n            <\/div>\n          <\/div>\n        <\/div>\n      <\/div>\n    <\/div>\n  <\/div>\n<\/div>","protected":false},"excerpt":{"rendered":"<p>Mme A. Lucie Docteur en pharmacie DU Orth\u00e8ses et petit appareillage Mme D. Maud Docteur en pharmacie DU Conseil en nutrition et micronutrition \u00e0 l&rsquo;officine Mme F. Sophie Pr\u00e9paratrice en pharmacie Mme B. Chlo\u00e9 Pr\u00e9paratrice en pharmacie<\/p>\n","protected":false},"author":1,"featured_media":0,"parent":0,"menu_order":0,"comment_status":"closed","ping_status":"closed","template":"page-templates\/full-width-page.php","meta":{"footnotes":""},"acf":[],"_links":{"self":[{"href":"https:\/\/pharmacieaudebault.com\/index.php\/wp-json\/wp\/v2\/pages\/478"}],"collection":[{"href":"https:\/\/pharmacieaudebault.com\/index.php\/wp-json\/wp\/v2\/pages"}],"about":[{"href":"https:\/\/pharmacieaudebault.com\/index.php\/wp-json\/wp\/v2\/types\/page"}],"author":[{"embeddable":true,"href":"https:\/\/pharmacieaudebault.com\/index.php\/wp-json\/wp\/v2\/users\/1"}],"replies":[{"embeddable":true,"href":"https:\/\/pharmacieaudebault.com\/index.php\/wp-json\/wp\/v2\/comments?post=478"}],"version-history":[{"count":12,"href":"https:\/\/pharmacieaudebault.com\/index.php\/wp-json\/wp\/v2\/pages\/478\/revisions"}],"predecessor-version":[{"id":1696,"href":"https:\/\/pharmacieaudebault.com\/index.php\/wp-json\/wp\/v2\/pages\/478\/revisions\/1696"}],"wp:attachment":[{"href":"https:\/\/pharmacieaudebault.com\/index.php\/wp-json\/wp\/v2\/media?parent=478"}],"curies":[{"name":"wp","href":"https:\/\/api.w.org\/{rel}","templated":true}]}}